{"id":2224,"date":"2024-10-31T14:00:39","date_gmt":"2024-10-31T13:00:39","guid":{"rendered":"https:\/\/sotra47.fr\/?page_id=2224"},"modified":"2024-12-09T11:44:19","modified_gmt":"2024-12-09T10:44:19","slug":"politique-de-confidentialite","status":"publish","type":"page","link":"https:\/\/sotra47.fr\/?page_id=2224","title":{"rendered":"Politique de confidentialit\u00e9"},"content":{"rendered":"\t\t<div data-elementor-type=\"wp-page\" data-elementor-id=\"2224\" class=\"elementor elementor-2224\">\n\t\t\t\t<div class=\"elementor-element elementor-element-46c5fa0 e-flex e-con-boxed e-con e-parent\" data-id=\"46c5fa0\" data-element_type=\"container\" data-e-type=\"container\">\n\t\t\t\t\t<div class=\"e-con-inner\">\n\t\t\t\t<div class=\"elementor-element elementor-element-3c7ba55 elementor-widget elementor-widget-spacer\" data-id=\"3c7ba55\" data-element_type=\"widget\" data-e-type=\"widget\" data-widget_type=\"spacer.default\">\n\t\t\t\t<div class=\"elementor-widget-container\">\n\t\t\t\t\t\t\t<div class=\"elementor-spacer\">\n\t\t\t<div class=\"elementor-spacer-inner\"><\/div>\n\t\t<\/div>\n\t\t\t\t\t\t<\/div>\n\t\t\t\t<\/div>\n\t\t\t\t<div class=\"elementor-element elementor-element-f237914 elementor-widget elementor-widget-heading\" data-id=\"f237914\" data-element_type=\"widget\" data-e-type=\"widget\" data-widget_type=\"heading.default\">\n\t\t\t\t<div class=\"elementor-widget-container\">\n\t\t\t\t\t<h2 class=\"elementor-heading-title elementor-size-default\">Charte de politique de confidentialit\u00e9 de SOTRA, \ngroupement de Constructeurs industriels et de Sous-traitants de l'industrie du Sud-ouest.<\/h2>\t\t\t\t<\/div>\n\t\t\t\t<\/div>\n\t\t\t\t\t<\/div>\n\t\t\t\t<\/div>\n\t\t<div class=\"elementor-element elementor-element-10f4714 e-flex e-con-boxed e-con e-parent\" data-id=\"10f4714\" data-element_type=\"container\" data-e-type=\"container\">\n\t\t\t\t\t<div class=\"e-con-inner\">\n\t\t\t\t<div class=\"elementor-element elementor-element-95e7522 elementor-widget-divider--view-line elementor-widget elementor-widget-divider\" data-id=\"95e7522\" data-element_type=\"widget\" data-e-type=\"widget\" data-widget_type=\"divider.default\">\n\t\t\t\t<div class=\"elementor-widget-container\">\n\t\t\t\t\t\t\t<div class=\"elementor-divider\">\n\t\t\t<span class=\"elementor-divider-separator\">\n\t\t\t\t\t\t<\/span>\n\t\t<\/div>\n\t\t\t\t\t\t<\/div>\n\t\t\t\t<\/div>\n\t\t\t\t\t<\/div>\n\t\t\t\t<\/div>\n\t\t<div class=\"elementor-element elementor-element-05f955c e-flex e-con-boxed e-con e-parent\" data-id=\"05f955c\" data-element_type=\"container\" data-e-type=\"container\">\n\t\t\t\t\t<div class=\"e-con-inner\">\n\t\t\t\t<div class=\"elementor-element elementor-element-a27e280 elementor-widget elementor-widget-heading\" data-id=\"a27e280\" data-element_type=\"widget\" data-e-type=\"widget\" data-widget_type=\"heading.default\">\n\t\t\t\t<div class=\"elementor-widget-container\">\n\t\t\t\t\t<h2 class=\"elementor-heading-title elementor-size-default\">Protection des donn\u00e9es \u00e0 caract\u00e8re personnel<\/h2>\t\t\t\t<\/div>\n\t\t\t\t<\/div>\n\t\t\t\t<div class=\"elementor-element elementor-element-1d72810 elementor-widget elementor-widget-text-editor\" data-id=\"1d72810\" data-element_type=\"widget\" data-e-type=\"widget\" data-widget_type=\"text-editor.default\">\n\t\t\t\t<div class=\"elementor-widget-container\">\n\t\t\t\t\t\t\t\t\t<p>L\u2019utilisateur est inform\u00e9 que conform\u00e9ment \u00e0 la loi Informatique et libert\u00e9s du 6 janvier 1978, et au R\u00e8glement UE n\u00b02016\/679 du Parlement Europ\u00e9en et du Conseil du 27 avril 2016 relatif \u00e0 la Protection des Personnes Physique \u00e0 l\u2019\u00e9gard du traitement des donn\u00e9es \u00e0 caract\u00e8re personnel et \u00e0 la libre circulation de ces donn\u00e9es \u00ab RGPD \u00bb, des donn\u00e9es peuvent \u00eatre collect\u00e9es lors l\u2019utilisation du site web. Pour toutes informations sur la protection des donn\u00e9es personnelles nous vous invitons \u00e0 consulter le site : <a href=\"https:\/\/www.cnil.fr.\" target=\"_blank\" rel=\"noopener\">https:\/\/www.cnil.fr.<\/a><\/p>\t\t\t\t\t\t\t\t<\/div>\n\t\t\t\t<\/div>\n\t\t\t\t\t<\/div>\n\t\t\t\t<\/div>\n\t\t<div class=\"elementor-element elementor-element-99dd861 e-flex e-con-boxed e-con e-parent\" data-id=\"99dd861\" data-element_type=\"container\" data-e-type=\"container\">\n\t\t\t\t\t<div class=\"e-con-inner\">\n\t\t\t\t<div class=\"elementor-element elementor-element-9390c4a elementor-widget elementor-widget-heading\" data-id=\"9390c4a\" data-element_type=\"widget\" data-e-type=\"widget\" data-widget_type=\"heading.default\">\n\t\t\t\t<div class=\"elementor-widget-container\">\n\t\t\t\t\t<h2 class=\"elementor-heading-title elementor-size-default\">Traitement des donn\u00e9es<\/h2>\t\t\t\t<\/div>\n\t\t\t\t<\/div>\n\t\t\t\t<div class=\"elementor-element elementor-element-de0942b elementor-widget elementor-widget-text-editor\" data-id=\"de0942b\" data-element_type=\"widget\" data-e-type=\"widget\" data-widget_type=\"text-editor.default\">\n\t\t\t\t<div class=\"elementor-widget-container\">\n\t\t\t\t\t\t\t\t\t<p>SOTRA est responsable du traitement des donn\u00e9es collect\u00e9es sur le site sotra47.fr. Les informations personnelles pouvant \u00eatre recueillies sur le site sont principalement utilis\u00e9es par l\u2019\u00e9diteur pour la gestion des relations avec les internautes, et le cas \u00e9ch\u00e9ant pour le traitement des commandes.<\/p>\t\t\t\t\t\t\t\t<\/div>\n\t\t\t\t<\/div>\n\t\t\t\t\t<\/div>\n\t\t\t\t<\/div>\n\t\t<div class=\"elementor-element elementor-element-19a8f92 e-flex e-con-boxed e-con e-parent\" data-id=\"19a8f92\" data-element_type=\"container\" data-e-type=\"container\">\n\t\t\t\t\t<div class=\"e-con-inner\">\n\t\t\t\t<div class=\"elementor-element elementor-element-54e98c7 elementor-widget elementor-widget-heading\" data-id=\"54e98c7\" data-element_type=\"widget\" data-e-type=\"widget\" data-widget_type=\"heading.default\">\n\t\t\t\t<div class=\"elementor-widget-container\">\n\t\t\t\t\t<h2 class=\"elementor-heading-title elementor-size-default\">Droit d\u2019acc\u00e8s, rectification, suppression de donn\u00e9es des utilisateurs<\/h2>\t\t\t\t<\/div>\n\t\t\t\t<\/div>\n\t\t\t\t<div class=\"elementor-element elementor-element-36e96fb elementor-widget elementor-widget-text-editor\" data-id=\"36e96fb\" data-element_type=\"widget\" data-e-type=\"widget\" data-widget_type=\"text-editor.default\">\n\t\t\t\t<div class=\"elementor-widget-container\">\n\t\t\t\t\t\t\t\t\t<p>En application de la r\u00e8glementation applicable aux donn\u00e9es \u00e0 caract\u00e8re personnel, les utilisateurs poss\u00e8dent les droits suivants :<\/p><p>&#8211; Le droit d\u2019acc\u00e8s permet de conna\u00eetre les donn\u00e9es personnelles qui concernent l&rsquo;utilisateur<br \/>&#8211; Le droit de rectification qui permet la mise \u00e0 jour des informations transmises<br \/>&#8211; Le droit de rectification qui permet de v\u00e9rifier l\u2019exactitude des informations transmises<br \/>&#8211; Le droit de suppression des donn\u00e9es qui permet de faire supprimer les donn\u00e9es \u00e0 caract\u00e8re personnel<br \/>&#8211; Le droit \u00e0 la limitation du traitement qui permet aux utilisateurs de demander la limitation du traitement de leurs donn\u00e9es personnelles conform\u00e9ment aux \u00e9ventualit\u00e9s pr\u00e9vues par le RGPD<br \/>&#8211; Le droit de s\u2019opposer aux traitements des donn\u00e9es qui permet aux utilisateurs de s\u2019opposer au traitement de leurs donn\u00e9es personnelles conform\u00e9ment aux\u00a0 \u00e9ventualit\u00e9s pr\u00e9vues par le RGPD<br \/>&#8211; Le droit de portabilit\u00e9 qui permet aux utilisateurs de r\u00e9clamer leurs donn\u00e9es pour les transmettre vers une autre entit\u00e9 ou support.<\/p><p>L\u2019utilisateur b\u00e9n\u00e9ficie de tous ces droits sur les informations qui le concernent, et il peut les exercer en s\u2019adressant \u00e0 :<\/p><p>sotra@cci47.fr, ou par courrier \u00e0 SOTRA 47\u00a0 au 52, Cours Gambetta, 47000 Agen en pr\u00e9cisant dans l\u2019objet du courrier sa demande et en joignant la copie de son justificatif d\u2019identit\u00e9.<\/p>\t\t\t\t\t\t\t\t<\/div>\n\t\t\t\t<\/div>\n\t\t\t\t\t<\/div>\n\t\t\t\t<\/div>\n\t\t<div class=\"elementor-element elementor-element-92ce4c6 e-flex e-con-boxed e-con e-parent\" data-id=\"92ce4c6\" data-element_type=\"container\" data-e-type=\"container\">\n\t\t\t\t\t<div class=\"e-con-inner\">\n\t\t\t\t<div class=\"elementor-element elementor-element-1ff18f5 elementor-widget elementor-widget-heading\" data-id=\"1ff18f5\" data-element_type=\"widget\" data-e-type=\"widget\" data-widget_type=\"heading.default\">\n\t\t\t\t<div class=\"elementor-widget-container\">\n\t\t\t\t\t<h2 class=\"elementor-heading-title elementor-size-default\">Finalisation des donn\u00e9es collect\u00e9es via le formulaire de contact<\/h2>\t\t\t\t<\/div>\n\t\t\t\t<\/div>\n\t\t\t\t<div class=\"elementor-element elementor-element-8fe8a85 elementor-widget elementor-widget-text-editor\" data-id=\"8fe8a85\" data-element_type=\"widget\" data-e-type=\"widget\" data-widget_type=\"text-editor.default\">\n\t\t\t\t<div class=\"elementor-widget-container\">\n\t\t\t\t\t\t\t\t\t<p>Les donn\u00e9es personnelles sont transmises volontairement par l\u2019utilisateur qui le souhaite. Les informations qu\u2019il communique par le formulaire pr\u00e9sent sur le site sont n\u00e9cessaires pour r\u00e9pondre \u00e0 sa demande et sont destin\u00e9es \u00e0 des fins de suivi de cette demande donn\u00e9es<\/p><p>personnelles collect\u00e9es sur le formulaire de contact :<br \/>\u2022\u00a0\u00a0\u00a0 nom,<br \/>\u2022\u00a0\u00a0\u00a0 adresse e-mail<br \/>\u2022\u00a0\u00a0\u00a0 message optionnel<\/p><p>Ces donn\u00e9es sont conserv\u00e9es pendant 3 ans apr\u00e8s le traitement de la demande et jusqu\u2019\u00e0 l\u2019acquisition de la prescription \u00e0 l\u2019issue de la relation contractuelle. Dans la mesure du raisonnable et n\u00e9cessaire, nous pouvons conserver vos donn\u00e9es afin de r\u00e9pondre aux obligations l\u00e9gales ou r\u00e8glementaires de r\u00e8glement de litiges, \u00e9viter les fraudes et les abus, ou appliquer nos modalit\u00e9s ou nos conditions. Ces donn\u00e9es pourront \u00eatre conserv\u00e9es si n\u00e9cessaires, pour des raisons r\u00e9glementaires, m\u00eame apr\u00e8s que nous n\u2019ayons plus besoin de vous fournir nos services.<\/p><p>En cas de r\u00e9ponse insatisfaisante, vous pouvez introduire une r\u00e9clamation aupr\u00e8s de la CNIL : <a href=\"https:\/\/www.cnil.fr\/fr\/plaintes\" target=\"_blank\" rel=\"noopener\">https:\/\/www.cnil.fr\/fr\/plaintes<\/a><\/p>\t\t\t\t\t\t\t\t<\/div>\n\t\t\t\t<\/div>\n\t\t\t\t\t<\/div>\n\t\t\t\t<\/div>\n\t\t<div class=\"elementor-element elementor-element-fa03659 e-flex e-con-boxed e-con e-parent\" data-id=\"fa03659\" data-element_type=\"container\" data-e-type=\"container\">\n\t\t\t\t\t<div class=\"e-con-inner\">\n\t\t\t\t<div class=\"elementor-element elementor-element-32ca682 elementor-widget elementor-widget-heading\" data-id=\"32ca682\" data-element_type=\"widget\" data-e-type=\"widget\" data-widget_type=\"heading.default\">\n\t\t\t\t<div class=\"elementor-widget-container\">\n\t\t\t\t\t<h2 class=\"elementor-heading-title elementor-size-default\">Les cookies<\/h2>\t\t\t\t<\/div>\n\t\t\t\t<\/div>\n\t\t\t\t<div class=\"elementor-element elementor-element-6c1268d elementor-widget elementor-widget-text-editor\" data-id=\"6c1268d\" data-element_type=\"widget\" data-e-type=\"widget\" data-widget_type=\"text-editor.default\">\n\t\t\t\t<div class=\"elementor-widget-container\">\n\t\t\t\t\t\t\t\t\t<p>La dur\u00e9e de vie des cookies est de 13 mois.<\/p>\t\t\t\t\t\t\t\t<\/div>\n\t\t\t\t<\/div>\n\t\t\t\t\t<\/div>\n\t\t\t\t<\/div>\n\t\t<div class=\"elementor-element elementor-element-9cdccb2 e-flex e-con-boxed e-con e-parent\" data-id=\"9cdccb2\" data-element_type=\"container\" data-e-type=\"container\">\n\t\t\t\t\t<div class=\"e-con-inner\">\n\t\t\t\t<div class=\"elementor-element elementor-element-1d45218 elementor-widget elementor-widget-heading\" data-id=\"1d45218\" data-element_type=\"widget\" data-e-type=\"widget\" data-widget_type=\"heading.default\">\n\t\t\t\t<div class=\"elementor-widget-container\">\n\t\t\t\t\t<h2 class=\"elementor-heading-title elementor-size-default\">Loi applicable<\/h2>\t\t\t\t<\/div>\n\t\t\t\t<\/div>\n\t\t\t\t<div class=\"elementor-element elementor-element-d849bba elementor-widget elementor-widget-text-editor\" data-id=\"d849bba\" data-element_type=\"widget\" data-e-type=\"widget\" data-widget_type=\"text-editor.default\">\n\t\t\t\t<div class=\"elementor-widget-container\">\n\t\t\t\t\t\t\t\t\t<p>Les pr\u00e9sentes conditions d\u2019utilisation du site web sont r\u00e9gies par la loi fran\u00e7aise et soumises \u00e0 la comp\u00e9tence des tribunaux du si\u00e8ge social de l\u2019\u00e9diteur, sauf si une comp\u00e9tence particuli\u00e8re est d\u00e9termin\u00e9e par un texte de loi ou une r\u00e9glementation sp\u00e9cifique.<\/p>\t\t\t\t\t\t\t\t<\/div>\n\t\t\t\t<\/div>\n\t\t\t\t\t<\/div>\n\t\t\t\t<\/div>\n\t\t<div class=\"elementor-element elementor-element-fc2ebd5 e-flex e-con-boxed e-con e-parent\" data-id=\"fc2ebd5\" data-element_type=\"container\" data-e-type=\"container\">\n\t\t\t\t\t<div class=\"e-con-inner\">\n\t\t\t\t<div class=\"elementor-element elementor-element-2d0090e elementor-widget elementor-widget-heading\" data-id=\"2d0090e\" data-element_type=\"widget\" data-e-type=\"widget\" data-widget_type=\"heading.default\">\n\t\t\t\t<div class=\"elementor-widget-container\">\n\t\t\t\t\t<h2 class=\"elementor-heading-title elementor-size-default\">Avis important concernant le traitement des donn\u00e9es en connection avec Google Analytics<\/h2>\t\t\t\t<\/div>\n\t\t\t\t<\/div>\n\t\t\t\t<div class=\"elementor-element elementor-element-5252db4 elementor-widget elementor-widget-text-editor\" data-id=\"5252db4\" data-element_type=\"widget\" data-e-type=\"widget\" data-widget_type=\"text-editor.default\">\n\t\t\t\t<div class=\"elementor-widget-container\">\n\t\t\t\t\t\t\t\t\t<p>Ce site utilise Google Analytics, un service d\u2019analyse web fournit par Google Ireland Limited. Si l\u2019organe responsable pour le traitement des donn\u00e9es r\u00e9colt\u00e9es via ce site est bas\u00e9 hors de l\u2019Espace \u00e9conomique europ\u00e9en et la Suisse, alors le traitement des donn\u00e9es associ\u00e9es \u00e0 Google Analytics sera effectu\u00e9 par Google LLC (avec son si\u00e8ge aux Etats-Unis). Google Ireland Limited et Google LLC sont ensemble ci-apr\u00e8s d\u00e9nomm\u00e9s \u201cGoogle\u201d.<\/p><p>Google Analytics utilise des \u201ccookies\u201d, des fichiers textes sauv\u00e9s sur l\u2019ordinateur du visiteur du site, pour permettre l\u2019analyse de l\u2019utilisation du site par ce dernier. L\u2019information g\u00e9n\u00e9r\u00e9e par le cookie (incluant l\u2019adresse IP tronqu\u00e9e) sur l\u2019utilisation du site web est transmise \u00e0 et stock\u00e9e par Google.<\/p><p>Google Analytics est utilis\u00e9 exclusivement avec l&rsquo;extension \u00ab\u00a0_anonymizeIp ()\u00a0\u00bb sur ce site. L\u2019extension garantit une anonymisation de l\u2019adresse IP par troncature et exclu de ce fait une r\u00e9f\u00e9rence personnelle directe. Via cette extension, Google tronque l\u2019adresse IP du visiteur du site dans un \u00e9tat membre de l\u2019Union europ\u00e9enne ou dans un autre Etat parti \u00e0 l\u2019accord sur l\u2019Espace \u00e9conomique europ\u00e9en. Seulement dans des situations exceptionnelles l\u2019adresse IP enti\u00e8re du visiteur du site sera transmise au serveur de Google et tronqu\u00e9e aux Etats-Unis. L\u2019adresse IP, qui est fournie par le navigateur du visiteur du site utilisant Google Analytics ne sera pas recoup\u00e9e par Google avec d\u2019autres donn\u00e9es de Google.<\/p><p>Au nom de l\u2019op\u00e9rateur du site, Google utilisera l\u2019information collect\u00e9e pour \u00e9valuer l\u2019utilisation du site, compiler des rapports sur l\u2019activit\u00e9 du site et pour fournir d\u2019autres sites et d\u2019autres services internet \u00e0 l\u2019op\u00e9rateur du site (article \u00a76 1 f RGPD). L\u2019int\u00e9r\u00eat l\u00e9gitime dans le traitement des donn\u00e9es se trouve dans l&rsquo;optimisation de ce site, l\u2019analyse de l\u2019utilisation du site et l&rsquo;adaptation du contenu. L\u2019int\u00e9r\u00eat des utilisateurs est ad\u00e9quatement prot\u00e9g\u00e9 par la pseudonymisation de leurs donn\u00e9es.<\/p><p>Google LLC a certifi\u00e9 sa conformit\u00e9 avec le <a href=\"https:\/\/www.privacyshield.gov\/participant?id=a2zt000000001L5AAI\" target=\"_blank\" rel=\"noopener\">Bouclier de protection des donn\u00e9es<\/a> UE-\u00c9tats-Unis, offrant une garantie du respect des l\u00e9gislations europ\u00e9ennes sur la protection des donn\u00e9es. Les donn\u00e9es envoy\u00e9es et coupl\u00e9es au cookie de Google Analytics e.g. ID de l\u2019utilisateur, ID publicitaire seront automatiquement effac\u00e9s apr\u00e8s 50 mois. La suppression des donn\u00e9es qui ont atteint la date limite de conservation est op\u00e9r\u00e9e automatiquement une fois par mois.<\/p><p>Le visiteur du site peut refuser l\u2019utilisation de cookies en s\u00e9lectionnant le r\u00e9glage appropri\u00e9 dans le navigateur. Le visiteur du site peut aussi emp\u00eacher Google de rassembler, via cookies, des informations (incluant l\u2019adresse IP) et de traiter cette information en t\u00e9l\u00e9chargeant et en installant ce plugin dans le browser: <a href=\"http:\/\/tools.google.com\/dlpage\/gaoptout\" target=\"_blank\" rel=\"noopener\">http:\/\/tools.google.com\/dlpage\/gaoptout<\/a>.<\/p><p>Le visiteur du site peut emp\u00eacher la collecte des donn\u00e9es par Google Analytics en cliquant sur ce lien. Un \u00ab\u00a0cookie d&rsquo;opt-out\u00a0\u00bb sera alors plac\u00e9 et permettra au visiteur du site de ne pas \u00eatre track\u00e9 durant sa navigation du site.<\/p><p>Plus d\u2019informations \u00e0 propos du traitement et l\u2019utilisation des donn\u00e9es par Google, les param\u00e9trages et les possibilit\u00e9s de d\u00e9sactivation peuvent \u00eatre trouv\u00e9es dans <a href=\"https:\/\/policies.google.com\/privacy\" target=\"_blank\" rel=\"noopener\">la politique de confidentialit\u00e9 de Google<\/a>: ainsi que dans <a href=\"https:\/\/adssettings.google.com\/authenticated\" target=\"_blank\" rel=\"noopener\">les param\u00e8tres de Google ads<\/a>.<\/p>\t\t\t\t\t\t\t\t<\/div>\n\t\t\t\t<\/div>\n\t\t\t\t<div class=\"elementor-element elementor-element-d245031 elementor-widget elementor-widget-spacer\" data-id=\"d245031\" data-element_type=\"widget\" data-e-type=\"widget\" data-widget_type=\"spacer.default\">\n\t\t\t\t<div class=\"elementor-widget-container\">\n\t\t\t\t\t\t\t<div class=\"elementor-spacer\">\n\t\t\t<div class=\"elementor-spacer-inner\"><\/div>\n\t\t<\/div>\n\t\t\t\t\t\t<\/div>\n\t\t\t\t<\/div>\n\t\t\t\t\t<\/div>\n\t\t\t\t<\/div>\n\t\t\t\t<\/div>\n\t\t","protected":false},"excerpt":{"rendered":"<p>Charte de politique de confidentialit\u00e9 de SOTRA, groupement de Constructeurs industriels et de Sous-traitants de l&rsquo;industrie du Sud-ouest. Protection des donn\u00e9es \u00e0 caract\u00e8re personnel L\u2019utilisateur est inform\u00e9 que conform\u00e9ment \u00e0 la loi Informatique et libert\u00e9s du 6 janvier 1978, et au R\u00e8glement UE n\u00b02016\/679 du Parlement Europ\u00e9en et du Conseil du 27 avril 2016 relatif [&hellip;]<\/p>\n","protected":false},"author":1,"featured_media":0,"parent":0,"menu_order":0,"comment_status":"closed","ping_status":"closed","template":"elementor_header_footer","meta":{"ocean_post_layout":"","ocean_both_sidebars_style":"","ocean_both_sidebars_content_width":0,"ocean_both_sidebars_sidebars_width":0,"ocean_sidebar":"","ocean_second_sidebar":"","ocean_disable_margins":"enable","ocean_add_body_class":"","ocean_shortcode_before_top_bar":"","ocean_shortcode_after_top_bar":"","ocean_shortcode_before_header":"","ocean_shortcode_after_header":"","ocean_has_shortcode":"","ocean_shortcode_after_title":"","ocean_shortcode_before_footer_widgets":"","ocean_shortcode_after_footer_widgets":"","ocean_shortcode_before_footer_bottom":"","ocean_shortcode_after_footer_bottom":"","ocean_display_top_bar":"default","ocean_display_header":"default","ocean_header_style":"","ocean_center_header_left_menu":"","ocean_custom_header_template":"","ocean_custom_logo":0,"ocean_custom_retina_logo":0,"ocean_custom_logo_max_width":0,"ocean_custom_logo_tablet_max_width":0,"ocean_custom_logo_mobile_max_width":0,"ocean_custom_logo_max_height":0,"ocean_custom_logo_tablet_max_height":0,"ocean_custom_logo_mobile_max_height":0,"ocean_header_custom_menu":"","ocean_menu_typo_font_family":"","ocean_menu_typo_font_subset":"","ocean_menu_typo_font_size":0,"ocean_menu_typo_font_size_tablet":0,"ocean_menu_typo_font_size_mobile":0,"ocean_menu_typo_font_size_unit":"px","ocean_menu_typo_font_weight":"","ocean_menu_typo_font_weight_tablet":"","ocean_menu_typo_font_weight_mobile":"","ocean_menu_typo_transform":"","ocean_menu_typo_transform_tablet":"","ocean_menu_typo_transform_mobile":"","ocean_menu_typo_line_height":0,"ocean_menu_typo_line_height_tablet":0,"ocean_menu_typo_line_height_mobile":0,"ocean_menu_typo_line_height_unit":"","ocean_menu_typo_spacing":0,"ocean_menu_typo_spacing_tablet":0,"ocean_menu_typo_spacing_mobile":0,"ocean_menu_typo_spacing_unit":"","ocean_menu_link_color":"","ocean_menu_link_color_hover":"","ocean_menu_link_color_active":"","ocean_menu_link_background":"","ocean_menu_link_hover_background":"","ocean_menu_link_active_background":"","ocean_menu_social_links_bg":"","ocean_menu_social_hover_links_bg":"","ocean_menu_social_links_color":"","ocean_menu_social_hover_links_color":"","ocean_disable_title":"default","ocean_disable_heading":"default","ocean_post_title":"","ocean_post_subheading":"","ocean_post_title_style":"","ocean_post_title_background_color":"","ocean_post_title_background":0,"ocean_post_title_bg_image_position":"","ocean_post_title_bg_image_attachment":"","ocean_post_title_bg_image_repeat":"","ocean_post_title_bg_image_size":"","ocean_post_title_height":0,"ocean_post_title_bg_overlay":0.5,"ocean_post_title_bg_overlay_color":"","ocean_disable_breadcrumbs":"default","ocean_breadcrumbs_color":"","ocean_breadcrumbs_separator_color":"","ocean_breadcrumbs_links_color":"","ocean_breadcrumbs_links_hover_color":"","ocean_display_footer_widgets":"default","ocean_display_footer_bottom":"default","ocean_custom_footer_template":"","footnotes":""},"class_list":["post-2224","page","type-page","status-publish","hentry","entry"],"_links":{"self":[{"href":"https:\/\/sotra47.fr\/index.php?rest_route=\/wp\/v2\/pages\/2224","targetHints":{"allow":["GET"]}}],"collection":[{"href":"https:\/\/sotra47.fr\/index.php?rest_route=\/wp\/v2\/pages"}],"about":[{"href":"https:\/\/sotra47.fr\/index.php?rest_route=\/wp\/v2\/types\/page"}],"author":[{"embeddable":true,"href":"https:\/\/sotra47.fr\/index.php?rest_route=\/wp\/v2\/users\/1"}],"replies":[{"embeddable":true,"href":"https:\/\/sotra47.fr\/index.php?rest_route=%2Fwp%2Fv2%2Fcomments&post=2224"}],"version-history":[{"count":16,"href":"https:\/\/sotra47.fr\/index.php?rest_route=\/wp\/v2\/pages\/2224\/revisions"}],"predecessor-version":[{"id":2774,"href":"https:\/\/sotra47.fr\/index.php?rest_route=\/wp\/v2\/pages\/2224\/revisions\/2774"}],"wp:attachment":[{"href":"https:\/\/sotra47.fr\/index.php?rest_route=%2Fwp%2Fv2%2Fmedia&parent=2224"}],"curies":[{"name":"wp","href":"https:\/\/api.w.org\/{rel}","templated":true}]}}