{"id":2218,"date":"2024-10-31T13:50:19","date_gmt":"2024-10-31T12:50:19","guid":{"rendered":"https:\/\/sotra47.fr\/?page_id=2218"},"modified":"2026-01-14T10:43:16","modified_gmt":"2026-01-14T09:43:16","slug":"mentions-legales","status":"publish","type":"page","link":"https:\/\/sotra47.fr\/?page_id=2218","title":{"rendered":"Mentions l\u00e9gales"},"content":{"rendered":"\t\t<div data-elementor-type=\"wp-page\" data-elementor-id=\"2218\" class=\"elementor elementor-2218\">\n\t\t\t\t<div class=\"elementor-element elementor-element-023ea20 e-flex e-con-boxed e-con e-parent\" data-id=\"023ea20\" data-element_type=\"container\" data-e-type=\"container\">\n\t\t\t\t\t<div class=\"e-con-inner\">\n\t\t\t\t<div class=\"elementor-element elementor-element-b487670 elementor-widget elementor-widget-spacer\" data-id=\"b487670\" data-element_type=\"widget\" data-e-type=\"widget\" data-widget_type=\"spacer.default\">\n\t\t\t\t<div class=\"elementor-widget-container\">\n\t\t\t\t\t\t\t<div class=\"elementor-spacer\">\n\t\t\t<div class=\"elementor-spacer-inner\"><\/div>\n\t\t<\/div>\n\t\t\t\t\t\t<\/div>\n\t\t\t\t<\/div>\n\t\t\t\t<div class=\"elementor-element elementor-element-e6f49ef elementor-widget elementor-widget-heading\" data-id=\"e6f49ef\" data-element_type=\"widget\" data-e-type=\"widget\" data-widget_type=\"heading.default\">\n\t\t\t\t<div class=\"elementor-widget-container\">\n\t\t\t\t\t<h2 class=\"elementor-heading-title elementor-size-default\">Mentions l\u00e9gales<\/h2>\t\t\t\t<\/div>\n\t\t\t\t<\/div>\n\t\t\t\t\t<\/div>\n\t\t\t\t<\/div>\n\t\t<div class=\"elementor-element elementor-element-fa3d8be e-flex e-con-boxed e-con e-parent\" data-id=\"fa3d8be\" data-element_type=\"container\" data-e-type=\"container\">\n\t\t\t\t\t<div class=\"e-con-inner\">\n\t\t\t\t<div class=\"elementor-element elementor-element-734f093 elementor-widget elementor-widget-text-editor\" data-id=\"734f093\" data-element_type=\"widget\" data-e-type=\"widget\" data-widget_type=\"text-editor.default\">\n\t\t\t\t<div class=\"elementor-widget-container\">\n\t\t\t\t\t\t\t\t\t<p>Site web de SOTRA, groupement de Constructeurs industriels et de Sous-traitants de l&rsquo;industrie du Sud-Ouest.\u00a0<\/p>\t\t\t\t\t\t\t\t<\/div>\n\t\t\t\t<\/div>\n\t\t\t\t\t<\/div>\n\t\t\t\t<\/div>\n\t\t<div class=\"elementor-element elementor-element-510752f e-flex e-con-boxed e-con e-parent\" data-id=\"510752f\" data-element_type=\"container\" data-e-type=\"container\">\n\t\t\t\t\t<div class=\"e-con-inner\">\n\t\t\t\t<div class=\"elementor-element elementor-element-5849006 elementor-widget elementor-widget-heading\" data-id=\"5849006\" data-element_type=\"widget\" data-e-type=\"widget\" data-widget_type=\"heading.default\">\n\t\t\t\t<div class=\"elementor-widget-container\">\n\t\t\t\t\t<h2 class=\"elementor-heading-title elementor-size-default\">Site web<\/h2>\t\t\t\t<\/div>\n\t\t\t\t<\/div>\n\t\t\t\t\t<\/div>\n\t\t\t\t<\/div>\n\t\t<div class=\"elementor-element elementor-element-a822e72 e-flex e-con-boxed e-con e-parent\" data-id=\"a822e72\" data-element_type=\"container\" data-e-type=\"container\">\n\t\t\t\t\t<div class=\"e-con-inner\">\n\t\t\t\t<div class=\"elementor-element elementor-element-fc24f79 elementor-widget elementor-widget-text-editor\" data-id=\"fc24f79\" data-element_type=\"widget\" data-e-type=\"widget\" data-widget_type=\"text-editor.default\">\n\t\t\t\t<div class=\"elementor-widget-container\">\n\t\t\t\t\t\t\t\t\t<p>www.sotra47.fr. est \u00e9dit\u00e9 par SOTRA 47 dont le si\u00e8ge social est situ\u00e9 \u00e0 la CCI 47, 49 route d&rsquo;Agen &#8211; 47310 Estillac.<\/p><p>Est repr\u00e9sent\u00e9 par l\u2019\u00e9diteur du site web Thierry Labarbe en sa qualit\u00e9 de Pr\u00e9sident de l&rsquo;Association.<\/p><p>Immatriculation SIRET 184701415 00046, \u00e0 Agen<br \/>T\u00e9l : 05 53 77 10 88<\/p><p><a href=\"mailto:sotra@cci47.fr\">sotra@cci47.fr<\/a><\/p>\t\t\t\t\t\t\t\t<\/div>\n\t\t\t\t<\/div>\n\t\t\t\t\t<\/div>\n\t\t\t\t<\/div>\n\t\t<div class=\"elementor-element elementor-element-d07c6ed e-flex e-con-boxed e-con e-parent\" data-id=\"d07c6ed\" data-element_type=\"container\" data-e-type=\"container\">\n\t\t\t\t\t<div class=\"e-con-inner\">\n\t\t\t\t<div class=\"elementor-element elementor-element-b85ef8a elementor-widget elementor-widget-heading\" data-id=\"b85ef8a\" data-element_type=\"widget\" data-e-type=\"widget\" data-widget_type=\"heading.default\">\n\t\t\t\t<div class=\"elementor-widget-container\">\n\t\t\t\t\t<h2 class=\"elementor-heading-title elementor-size-default\">H\u00e9bergement du site web<\/h2>\t\t\t\t<\/div>\n\t\t\t\t<\/div>\n\t\t\t\t\t<\/div>\n\t\t\t\t<\/div>\n\t\t<div class=\"elementor-element elementor-element-2beae61 e-flex e-con-boxed e-con e-parent\" data-id=\"2beae61\" data-element_type=\"container\" data-e-type=\"container\">\n\t\t\t\t\t<div class=\"e-con-inner\">\n\t\t\t\t<div class=\"elementor-element elementor-element-e43b46a elementor-widget elementor-widget-text-editor\" data-id=\"e43b46a\" data-element_type=\"widget\" data-e-type=\"widget\" data-widget_type=\"text-editor.default\">\n\t\t\t\t<div class=\"elementor-widget-container\">\n\t\t\t\t\t\t\t\t\t<p>Le site www.sotra47.fr est h\u00e9berg\u00e9 par la soci\u00e9t\u00e9 OVH. Si\u00e8ge social : 2 rue Kellermann &#8211; 59100 Roubaix &#8211; France<\/p>\t\t\t\t\t\t\t\t<\/div>\n\t\t\t\t<\/div>\n\t\t\t\t\t<\/div>\n\t\t\t\t<\/div>\n\t\t<div class=\"elementor-element elementor-element-cb0adc0 e-flex e-con-boxed e-con e-parent\" data-id=\"cb0adc0\" data-element_type=\"container\" data-e-type=\"container\">\n\t\t\t\t\t<div class=\"e-con-inner\">\n\t\t\t\t<div class=\"elementor-element elementor-element-2e33dfb elementor-widget elementor-widget-heading\" data-id=\"2e33dfb\" data-element_type=\"widget\" data-e-type=\"widget\" data-widget_type=\"heading.default\">\n\t\t\t\t<div class=\"elementor-widget-container\">\n\t\t\t\t\t<h2 class=\"elementor-heading-title elementor-size-default\">Gestion du site web<\/h2>\t\t\t\t<\/div>\n\t\t\t\t<\/div>\n\t\t\t\t\t<\/div>\n\t\t\t\t<\/div>\n\t\t<div class=\"elementor-element elementor-element-b2c91f4 e-flex e-con-boxed e-con e-parent\" data-id=\"b2c91f4\" data-element_type=\"container\" data-e-type=\"container\">\n\t\t\t\t\t<div class=\"e-con-inner\">\n\t\t\t\t<div class=\"elementor-element elementor-element-606614b elementor-widget elementor-widget-text-editor\" data-id=\"606614b\" data-element_type=\"widget\" data-e-type=\"widget\" data-widget_type=\"text-editor.default\">\n\t\t\t\t<div class=\"elementor-widget-container\">\n\t\t\t\t\t\t\t\t\t<p>L\u2019\u00e9diteur pourra a tout moment suspendre, interrompre ou limiter l\u2019acc\u00e8s \u00e0 tout ou partie du site pour une cat\u00e9gorie sp\u00e9cifique d\u2019internautes. L\u2019\u00e9diteur pourra supprimer toutes informations susceptibles de perturber le fonctionnement du site web ou entrant en contravention avec les lois nationales ou internationales. L\u2019\u00e9diteur pourra suspendre l\u2019acc\u00e8s au site web pour proc\u00e9der \u00e0 des mises \u00e0 jour.<\/p>\t\t\t\t\t\t\t\t<\/div>\n\t\t\t\t<\/div>\n\t\t\t\t\t<\/div>\n\t\t\t\t<\/div>\n\t\t<div class=\"elementor-element elementor-element-4cae671 e-flex e-con-boxed e-con e-parent\" data-id=\"4cae671\" data-element_type=\"container\" data-e-type=\"container\">\n\t\t\t\t\t<div class=\"e-con-inner\">\n\t\t\t\t<div class=\"elementor-element elementor-element-f4f7b1b elementor-widget elementor-widget-heading\" data-id=\"f4f7b1b\" data-element_type=\"widget\" data-e-type=\"widget\" data-widget_type=\"heading.default\">\n\t\t\t\t<div class=\"elementor-widget-container\">\n\t\t\t\t\t<h2 class=\"elementor-heading-title elementor-size-default\">Contenu du site web<\/h2>\t\t\t\t<\/div>\n\t\t\t\t<\/div>\n\t\t\t\t\t<\/div>\n\t\t\t\t<\/div>\n\t\t<div class=\"elementor-element elementor-element-833a947 e-flex e-con-boxed e-con e-parent\" data-id=\"833a947\" data-element_type=\"container\" data-e-type=\"container\">\n\t\t\t\t\t<div class=\"e-con-inner\">\n\t\t\t\t<div class=\"elementor-element elementor-element-05877bf elementor-widget elementor-widget-text-editor\" data-id=\"05877bf\" data-element_type=\"widget\" data-e-type=\"widget\" data-widget_type=\"text-editor.default\">\n\t\t\t\t<div class=\"elementor-widget-container\">\n\t\t\t\t\t\t\t\t\t<p>L&rsquo;\u00e9diteur s&rsquo;engage \u00e0 respecter l&rsquo;ensemble des lois concernant la mise en place et l\u2019activit\u00e9 d&rsquo;un site Internet.<br \/>Le contenu du site la structure g\u00e9n\u00e9rale, les textes, les images, anim\u00e9es ou non, et les sons dont le site est compos\u00e9 sont la propri\u00e9t\u00e9 exclusive de SOTRA. Les photos accompagn\u00e9es de leur description, ne sont pas contractuelles et n\u2019engagent pas l\u2019\u00e9diteur.<br \/>Toute reproduction, repr\u00e9sentation, utilisation ou adaptation, sous quelque forme que ce soit, de toute ou partie de ces \u00e9l\u00e9ments, y compris les applications informatiques, sans l\u2019accord pr\u00e9alable et \u00e9crit de l\u2019\u00e9diteur sont strictement interdites et constituerait une contrefa\u00e7on sanctionn\u00e9e par les articles L.335-2 et suivants du Code de la Propri\u00e9t\u00e9 intellectuelle.<\/p>\t\t\t\t\t\t\t\t<\/div>\n\t\t\t\t<\/div>\n\t\t\t\t\t<\/div>\n\t\t\t\t<\/div>\n\t\t<div class=\"elementor-element elementor-element-0261a0f e-flex e-con-boxed e-con e-parent\" data-id=\"0261a0f\" data-element_type=\"container\" data-e-type=\"container\">\n\t\t\t\t\t<div class=\"e-con-inner\">\n\t\t\t\t<div class=\"elementor-element elementor-element-bec18a0 elementor-widget elementor-widget-heading\" data-id=\"bec18a0\" data-element_type=\"widget\" data-e-type=\"widget\" data-widget_type=\"heading.default\">\n\t\t\t\t<div class=\"elementor-widget-container\">\n\t\t\t\t\t<h2 class=\"elementor-heading-title elementor-size-default\">Limites des responsabilit\u00e9s<\/h2>\t\t\t\t<\/div>\n\t\t\t\t<\/div>\n\t\t\t\t\t<\/div>\n\t\t\t\t<\/div>\n\t\t<div class=\"elementor-element elementor-element-f107e1e e-flex e-con-boxed e-con e-parent\" data-id=\"f107e1e\" data-element_type=\"container\" data-e-type=\"container\">\n\t\t\t\t\t<div class=\"e-con-inner\">\n\t\t\t\t<div class=\"elementor-element elementor-element-0ef5964 elementor-widget elementor-widget-text-editor\" data-id=\"0ef5964\" data-element_type=\"widget\" data-e-type=\"widget\" data-widget_type=\"text-editor.default\">\n\t\t\t\t<div class=\"elementor-widget-container\">\n\t\t\t\t\t\t\t\t\t<p>Le contenu de ce site peut comporter des erreurs et\/ou des inexactitudes et\/ou des omissions techniques et typographiques, ce que vous reconnaissez et acceptez en utilisant ce site. Les informations contenues dans le site sont non-contractuelles et sujettes \u00e0 modification sans pr\u00e9avis. La responsabilit\u00e9 de l\u2019\u00e9diteur ne peut \u00eatre engag\u00e9e en cas de d\u00e9faillance, panne, difficult\u00e9 ou interruption emp\u00eachant l\u2019acc\u00e8s partiel ou total du site. Les informations pr\u00e9sent\u00e9es sur le site sont r\u00e9guli\u00e8rement mises \u00e0 jour, c\u2019est la raison pour laquelle SOTRA ne garantit pas que les fonctions ou certaines pages du site seront en ligne et assur\u00e9es sans interruption et sans erreur, ni que le site ou le serveur qui les met \u00e0 disposition sont exempt de virus ou d\u2019autres composants dangereux. En aucun cas, SOTRA ne pourra \u00eatre tenue responsable des pr\u00e9judices fortuits, directs ou indirects r\u00e9sultant de l&rsquo;utilisation des \u00e9l\u00e9ments du site.<br \/>Le mat\u00e9riel de connexion pour vous connecter au site web est de votre enti\u00e8re responsabilit\u00e9, vous devez prendre les mesures ad\u00e9quates pour prot\u00e9ger votre mat\u00e9riel et vos propres donn\u00e9es en cas d\u2019attaques virales via internet.<br \/>Ce site web peut fournir des liens ou des r\u00e9f\u00e9rences \u00e0 d&rsquo;autres sites non contr\u00f4l\u00e9s par SOTRA. En cons\u00e9quence, SOTRA d\u00e9cline toute responsabilit\u00e9 quant aux contenus de ces autres sites et ne saurait \u00eatre tenue responsable de tous dommages-int\u00e9r\u00eats ou dommages d\u00e9coulant de l&rsquo;utilisation ou recours \u00e0 de tels contenus ni de l&rsquo;acc\u00e8s ou de l&rsquo;impossibilit\u00e9 d&rsquo;acc\u00e8s \u00e0 ces sites. La mise en place par les utilisateurs de tous liens hypertextes vers tout ou partie du site est autoris\u00e9e par l\u2019\u00e9diteur, cependant tout lien sera retir\u00e9 sur simple demande de l\u2019\u00e9diteur.<br \/>L\u2019\u00e9diteur ne pourra \u00eatre tenu responsable en cas de poursuites judiciaires \u00e0 votre encontre, selon l\u2019usage que vous faites du site ou des services accessibles par internet et\/ou du non-respect de nos conditions g\u00e9n\u00e9rales.<\/p>\t\t\t\t\t\t\t\t<\/div>\n\t\t\t\t<\/div>\n\t\t\t\t<div class=\"elementor-element elementor-element-b9ac443 elementor-widget elementor-widget-spacer\" data-id=\"b9ac443\" data-element_type=\"widget\" data-e-type=\"widget\" data-widget_type=\"spacer.default\">\n\t\t\t\t<div class=\"elementor-widget-container\">\n\t\t\t\t\t\t\t<div class=\"elementor-spacer\">\n\t\t\t<div class=\"elementor-spacer-inner\"><\/div>\n\t\t<\/div>\n\t\t\t\t\t\t<\/div>\n\t\t\t\t<\/div>\n\t\t\t\t\t<\/div>\n\t\t\t\t<\/div>\n\t\t\t\t<\/div>\n\t\t","protected":false},"excerpt":{"rendered":"<p>Mentions l\u00e9gales Site web de SOTRA, groupement de Constructeurs industriels et de Sous-traitants de l&rsquo;industrie du Sud-Ouest.\u00a0 Site web www.sotra47.fr. est \u00e9dit\u00e9 par SOTRA 47 dont le si\u00e8ge social est situ\u00e9 \u00e0 la CCI 47, 49 route d&rsquo;Agen &#8211; 47310 Estillac. Est repr\u00e9sent\u00e9 par l\u2019\u00e9diteur du site web Thierry Labarbe en sa qualit\u00e9 de Pr\u00e9sident [&hellip;]<\/p>\n","protected":false},"author":1,"featured_media":0,"parent":0,"menu_order":0,"comment_status":"closed","ping_status":"closed","template":"elementor_header_footer","meta":{"ocean_post_layout":"","ocean_both_sidebars_style":"","ocean_both_sidebars_content_width":0,"ocean_both_sidebars_sidebars_width":0,"ocean_sidebar":"","ocean_second_sidebar":"","ocean_disable_margins":"enable","ocean_add_body_class":"","ocean_shortcode_before_top_bar":"","ocean_shortcode_after_top_bar":"","ocean_shortcode_before_header":"","ocean_shortcode_after_header":"","ocean_has_shortcode":"","ocean_shortcode_after_title":"","ocean_shortcode_before_footer_widgets":"","ocean_shortcode_after_footer_widgets":"","ocean_shortcode_before_footer_bottom":"","ocean_shortcode_after_footer_bottom":"","ocean_display_top_bar":"default","ocean_display_header":"default","ocean_header_style":"","ocean_center_header_left_menu":"","ocean_custom_header_template":"","ocean_custom_logo":0,"ocean_custom_retina_logo":0,"ocean_custom_logo_max_width":0,"ocean_custom_logo_tablet_max_width":0,"ocean_custom_logo_mobile_max_width":0,"ocean_custom_logo_max_height":0,"ocean_custom_logo_tablet_max_height":0,"ocean_custom_logo_mobile_max_height":0,"ocean_header_custom_menu":"","ocean_menu_typo_font_family":"","ocean_menu_typo_font_subset":"","ocean_menu_typo_font_size":0,"ocean_menu_typo_font_size_tablet":0,"ocean_menu_typo_font_size_mobile":0,"ocean_menu_typo_font_size_unit":"px","ocean_menu_typo_font_weight":"","ocean_menu_typo_font_weight_tablet":"","ocean_menu_typo_font_weight_mobile":"","ocean_menu_typo_transform":"","ocean_menu_typo_transform_tablet":"","ocean_menu_typo_transform_mobile":"","ocean_menu_typo_line_height":0,"ocean_menu_typo_line_height_tablet":0,"ocean_menu_typo_line_height_mobile":0,"ocean_menu_typo_line_height_unit":"","ocean_menu_typo_spacing":0,"ocean_menu_typo_spacing_tablet":0,"ocean_menu_typo_spacing_mobile":0,"ocean_menu_typo_spacing_unit":"","ocean_menu_link_color":"","ocean_menu_link_color_hover":"","ocean_menu_link_color_active":"","ocean_menu_link_background":"","ocean_menu_link_hover_background":"","ocean_menu_link_active_background":"","ocean_menu_social_links_bg":"","ocean_menu_social_hover_links_bg":"","ocean_menu_social_links_color":"","ocean_menu_social_hover_links_color":"","ocean_disable_title":"default","ocean_disable_heading":"default","ocean_post_title":"","ocean_post_subheading":"","ocean_post_title_style":"","ocean_post_title_background_color":"","ocean_post_title_background":0,"ocean_post_title_bg_image_position":"","ocean_post_title_bg_image_attachment":"","ocean_post_title_bg_image_repeat":"","ocean_post_title_bg_image_size":"","ocean_post_title_height":0,"ocean_post_title_bg_overlay":0.5,"ocean_post_title_bg_overlay_color":"","ocean_disable_breadcrumbs":"default","ocean_breadcrumbs_color":"","ocean_breadcrumbs_separator_color":"","ocean_breadcrumbs_links_color":"","ocean_breadcrumbs_links_hover_color":"","ocean_display_footer_widgets":"default","ocean_display_footer_bottom":"default","ocean_custom_footer_template":"","footnotes":""},"class_list":["post-2218","page","type-page","status-publish","hentry","entry"],"_links":{"self":[{"href":"https:\/\/sotra47.fr\/index.php?rest_route=\/wp\/v2\/pages\/2218","targetHints":{"allow":["GET"]}}],"collection":[{"href":"https:\/\/sotra47.fr\/index.php?rest_route=\/wp\/v2\/pages"}],"about":[{"href":"https:\/\/sotra47.fr\/index.php?rest_route=\/wp\/v2\/types\/page"}],"author":[{"embeddable":true,"href":"https:\/\/sotra47.fr\/index.php?rest_route=\/wp\/v2\/users\/1"}],"replies":[{"embeddable":true,"href":"https:\/\/sotra47.fr\/index.php?rest_route=%2Fwp%2Fv2%2Fcomments&post=2218"}],"version-history":[{"count":25,"href":"https:\/\/sotra47.fr\/index.php?rest_route=\/wp\/v2\/pages\/2218\/revisions"}],"predecessor-version":[{"id":2948,"href":"https:\/\/sotra47.fr\/index.php?rest_route=\/wp\/v2\/pages\/2218\/revisions\/2948"}],"wp:attachment":[{"href":"https:\/\/sotra47.fr\/index.php?rest_route=%2Fwp%2Fv2%2Fmedia&parent=2218"}],"curies":[{"name":"wp","href":"https:\/\/api.w.org\/{rel}","templated":true}]}}